{"id":1627,"date":"2022-10-18T23:23:03","date_gmt":"2022-10-18T21:23:03","guid":{"rendered":"https:\/\/www.goelden.de\/?page_id=1627"},"modified":"2022-10-18T23:23:03","modified_gmt":"2022-10-18T21:23:03","slug":"cookie-richtlinie","status":"publish","type":"page","link":"https:\/\/goelden.online\/index.php\/cookie-richtlinie\/","title":{"rendered":"Privatsph\u00e4re Einstellungen"},"content":{"rendered":"\n<div class=\"wp-block-essential-blocks-wrapper alignfull\"><div class=\"eb-parent-wrapper eb-parent-eb-wrapper-ed3yxo3 \"><div class=\"eb-wrapper-outer eb-wrapper-ed3yxo3\"><div class=\"eb-wrapper-inner\"><div class=\"eb-wrapper-inner-blocks eb-wrapper-align-center\">\n<div class=\"wp-block-essential-blocks-wrapper\"><div class=\"eb-parent-wrapper eb-parent-eb-wrapper-h72nfov \"><div class=\"eb-wrapper-outer eb-wrapper-h72nfov\"><div class=\"eb-wrapper-inner\"><div class=\"eb-wrapper-inner-blocks eb-wrapper-align-center\">\n<div id=\"how_it_works\" class=\"wp-block-essential-blocks-advanced-heading\"><div class=\"eb-parent-wrapper eb-parent-eb-advance-heading-ivni16d eb_animation eb___animated eb___fadeInUp\"><div class=\"eb-advance-heading-wrapper eb-advance-heading-ivni16d button-1\" data-id=\"eb-advance-heading-ivni16d\"><h2 class=\"eb-ah-title\">Wie es funktioniert<\/h2><p class=\"eb-ah-subtitle\">Daten sollten jeder Entscheidung zugrunde liegen. Doch wie und welche Daten von Ihnen gespeichert werden, k\u00f6nnen Sie hier einstellen.<\/p><\/div><\/div><\/div>\n<\/div><\/div><\/div><\/div><\/div>\n\n\n\n<div class=\"wp-block-essential-blocks-row alignfull\"><div class=\"eb-parent-wrapper eb-parent-eb-row-rfi2v0b \"><div class=\"eb-row-root-container eb-row-rfi2v0b\" data-id=\"eb-row-rfi2v0b\"><div class=\"eb-row-wrapper\"><div class=\"eb-row-inner\">\n<div class=\"eb-parent-wrapper eb-parent-eb-column-8c9z5no  wp-block-essential-blocks-column\"><div class=\"eb-column-wrapper eb-column-8c9z5no\"><div class=\"eb-column-inner\">\n<div class=\"wp-block-essential-blocks-infobox\"><div class=\"eb-parent-wrapper eb-parent-eb-infobox-vwl2ay3 eb_animation eb___animated eb___fadeInLeft\"><div class=\"eb-infobox-vwl2ay3 eb-infobox-wrapper\"><div class=\"infobox-wrapper-inner\"><div class=\"icon-img-wrapper\"><div class=\"eb-icon number-or-icon\"><span data-icon=\"fas fa-minus\" class=\"eb-infobox-icon-data-selector  fas fa-minus\"><\/span><\/div><\/div><div class=\"contents-wrapper\"><h2 class=\"title\">Datenanalyse<\/h2><p class=\"description\">Ist notwendig, um Ihnen das beste Einkaufserlebnis zu garantieren.<\/p><\/div><\/div><\/div><\/div><\/div>\n\n\n\n<div class=\"wp-block-essential-blocks-infobox\"><div class=\"eb-parent-wrapper eb-parent-eb-infobox-a0apm3j eb_animation eb___animated eb___fadeInLeft\"><div class=\"eb-infobox-a0apm3j eb-infobox-wrapper\"><div class=\"infobox-wrapper-inner\"><div class=\"icon-img-wrapper\"><div class=\"eb-icon number-or-icon\"><span data-icon=\"fas fa-minus\" class=\"eb-infobox-icon-data-selector  fas fa-minus\"><\/span><\/div><\/div><div class=\"contents-wrapper\"><h2 class=\"title\">Datenverfolgung<\/h2><p class=\"description\">Muss in gewissen Ma\u00dfe sein, damit wir wissen, was Ihnen gef\u00e4llt.<\/p><\/div><\/div><\/div><\/div><\/div>\n\n\n\n<div class=\"wp-block-essential-blocks-infobox\"><div class=\"eb-parent-wrapper eb-parent-eb-infobox-z0mj9u0 eb_animation eb___animated eb___fadeInLeft\"><div class=\"eb-infobox-z0mj9u0 eb-infobox-wrapper\"><div class=\"infobox-wrapper-inner\"><div class=\"icon-img-wrapper\"><div class=\"eb-icon number-or-icon\"><span data-icon=\"fas fa-minus\" class=\"eb-infobox-icon-data-selector  fas fa-minus\"><\/span><\/div><\/div><div class=\"contents-wrapper\"><h2 class=\"title\">Gesch\u00e4ftsanalyse<\/h2><p class=\"description\">Ist wichtig, damit wir immer das passende f\u00fcr Sie haben.<\/p><\/div><\/div><\/div><\/div><\/div>\n\n\n\n<div class=\"wp-block-essential-blocks-infobox\"><div class=\"eb-parent-wrapper eb-parent-eb-infobox-j8zroxb eb_animation eb___animated eb___fadeInLeft\"><div class=\"eb-infobox-j8zroxb eb-infobox-wrapper\"><div class=\"infobox-wrapper-inner\"><div class=\"icon-img-wrapper\"><div class=\"eb-icon number-or-icon\"><span data-icon=\"fas fa-minus\" class=\"eb-infobox-icon-data-selector  fas fa-minus\"><\/span><\/div><\/div><div class=\"contents-wrapper\"><h2 class=\"title\">Extreme Sicherheit<\/h2><p class=\"description\">Wir legen gro\u00dfen Wert auf die Sicherheit Ihrer Daten.<\/p><\/div><\/div><\/div><\/div><\/div>\n<\/div><\/div><\/div>\n\n\n\n<div class=\"eb-parent-wrapper eb-parent-eb-column-4cdtl0p  wp-block-essential-blocks-column\"><div class=\"eb-column-wrapper eb-column-4cdtl0p\"><div class=\"eb-column-inner\">\n<div class=\"wp-block-essential-blocks-advanced-image\"><div class=\"eb-parent-wrapper eb-parent-eb-advanced-image-z9cdpd0 eb_animation eb___animated eb___fadeInRight\"><figure class=\"eb-advanced-image-wrapper eb-advanced-image-z9cdpd0 img-style-square caption-style-1 caption-horizontal-center caption-vertical-bottom bottom no-effect\" data-id=\"eb-advanced-image-z9cdpd0\"><div class=\"image-wrapper\"><img decoding=\"async\" src=\"https:\/\/static.live.templately.com\/woocommerce\/2022\/02\/Vector-Smart-Object11.png\" alt=\"\"\/><\/div><\/figure><\/div><\/div>\n<\/div><\/div><\/div>\n<\/div><\/div><\/div><\/div><\/div>\n\n\n\n<p class=\"has-text-align-center has-medium-font-size wp-block-paragraph\">Hier k\u00f6nnen Sie Ihre Privatsph\u00e4re Einstellungen \u00e4ndern.<\/p>\n\n\n\n<div class=\"wp-block-group is-content-justification-center is-nowrap is-layout-flex wp-container-core-group-is-layout-d05cb3ef wp-block-group-is-layout-flex\"><p>[rcb-consent type=&#8220;change&#8220; tag=&#8220;button&#8220; text=&#8220;Privatsph\u00e4re-Einstellungen \u00e4ndern&#8220;]<\/p>\n<\/div>\n\n\n\n<div style=\"height:100px\" aria-hidden=\"true\" class=\"wp-block-spacer\"><\/div>\n\n\n\n<p class=\"has-text-align-center has-medium-font-size wp-block-paragraph\">Hier k\u00f6nnen Sie alle Einwilligungen widerrufen.<\/p>\n\n\n\n<div class=\"wp-block-group is-content-justification-center is-nowrap is-layout-flex wp-container-core-group-is-layout-d05cb3ef wp-block-group-is-layout-flex\"><p>[rcb-consent type=&#8220;revoke&#8220; tag=&#8220;button&#8220; text=&#8220;Einwilligungen widerrufen&#8220; successmessage=&#8220;Du hast die Einwilligung f\u00fcr Services mit dessen Cookies und Verarbeitung personenbezogener Daten erfolgreich widerrufen. Die Seite wird jetzt neu geladen!&#8220;]<\/p>\n<\/div>\n\n\n\n<div style=\"height:100px\" aria-hidden=\"true\" class=\"wp-block-spacer\"><\/div>\n\n\n\n<p class=\"has-text-align-center has-medium-font-size wp-block-paragraph\">Hier k\u00f6nnen Sie alle Ihre Einwilligungen einsehen.<\/p>\n\n\n\n<div class=\"wp-block-group is-content-justification-center is-nowrap is-layout-flex wp-container-core-group-is-layout-d05cb3ef wp-block-group-is-layout-flex\"><p>[rcb-consent type=&#8220;history&#8220; tag=&#8220;button&#8220; text=&#8220;Historie der Privatsph\u00e4re-Einstellungen&#8220;]<\/p>\n<\/div>\n<\/div><\/div><\/div><\/div><\/div>\n\n\n\n<div style=\"height:100px\" aria-hidden=\"true\" class=\"wp-block-spacer\"><\/div>\n\n\n\n<div style=\"height:100px\" aria-hidden=\"true\" class=\"wp-block-spacer\"><\/div>\n","protected":false},"excerpt":{"rendered":"","protected":false},"author":2,"featured_media":0,"parent":0,"menu_order":0,"comment_status":"closed","ping_status":"closed","template":"","meta":{"_eb_attr":"","_crdt_document":"","_joinchat":[],"footnotes":""},"class_list":["post-1627","page","type-page","status-publish","hentry"],"featured_image_src":null,"yoast_head":"<!-- This site is optimized with the Yoast SEO plugin v27.4 - https:\/\/yoast.com\/product\/yoast-seo-wordpress\/ -->\n<title>Privatsph\u00e4re Einstellungen - Goelden Online<\/title>\n<meta name=\"robots\" content=\"index, follow, max-snippet:-1, max-image-preview:large, max-video-preview:-1\" \/>\n<link rel=\"canonical\" href=\"https:\/\/goelden.online\/index.php\/cookie-richtlinie\/\" \/>\n<meta property=\"og:locale\" content=\"de_DE\" \/>\n<meta property=\"og:type\" content=\"article\" \/>\n<meta property=\"og:title\" content=\"Privatsph\u00e4re Einstellungen - Goelden Online\" \/>\n<meta property=\"og:url\" content=\"https:\/\/goelden.online\/index.php\/cookie-richtlinie\/\" \/>\n<meta property=\"og:site_name\" content=\"Goelden Online\" \/>\n<meta property=\"og:image\" content=\"https:\/\/static.live.templately.com\/woocommerce\/2022\/02\/Vector-Smart-Object11.png\" \/>\n<meta name=\"twitter:card\" content=\"summary_large_image\" \/>\n<meta name=\"twitter:label1\" content=\"Gesch\u00e4tzte Lesezeit\" \/>\n\t<meta name=\"twitter:data1\" content=\"1\u00a0Minute\" \/>\n<script type=\"application\/ld+json\" class=\"yoast-schema-graph\">{\"@context\":\"https:\\\/\\\/schema.org\",\"@graph\":[{\"@type\":\"WebPage\",\"@id\":\"https:\\\/\\\/goelden.online\\\/index.php\\\/cookie-richtlinie\\\/\",\"url\":\"https:\\\/\\\/goelden.online\\\/index.php\\\/cookie-richtlinie\\\/\",\"name\":\"Privatsph\u00e4re Einstellungen - Goelden Online\",\"isPartOf\":{\"@id\":\"https:\\\/\\\/goelden.online\\\/#website\"},\"primaryImageOfPage\":{\"@id\":\"https:\\\/\\\/goelden.online\\\/index.php\\\/cookie-richtlinie\\\/#primaryimage\"},\"image\":{\"@id\":\"https:\\\/\\\/goelden.online\\\/index.php\\\/cookie-richtlinie\\\/#primaryimage\"},\"thumbnailUrl\":\"https:\\\/\\\/static.live.templately.com\\\/woocommerce\\\/2022\\\/02\\\/Vector-Smart-Object11.png\",\"datePublished\":\"2022-10-18T21:23:03+00:00\",\"breadcrumb\":{\"@id\":\"https:\\\/\\\/goelden.online\\\/index.php\\\/cookie-richtlinie\\\/#breadcrumb\"},\"inLanguage\":\"de\",\"potentialAction\":[{\"@type\":\"ReadAction\",\"target\":[\"https:\\\/\\\/goelden.online\\\/index.php\\\/cookie-richtlinie\\\/\"]}]},{\"@type\":\"ImageObject\",\"inLanguage\":\"de\",\"@id\":\"https:\\\/\\\/goelden.online\\\/index.php\\\/cookie-richtlinie\\\/#primaryimage\",\"url\":\"https:\\\/\\\/static.live.templately.com\\\/woocommerce\\\/2022\\\/02\\\/Vector-Smart-Object11.png\",\"contentUrl\":\"https:\\\/\\\/static.live.templately.com\\\/woocommerce\\\/2022\\\/02\\\/Vector-Smart-Object11.png\"},{\"@type\":\"BreadcrumbList\",\"@id\":\"https:\\\/\\\/goelden.online\\\/index.php\\\/cookie-richtlinie\\\/#breadcrumb\",\"itemListElement\":[{\"@type\":\"ListItem\",\"position\":1,\"name\":\"Startseite\",\"item\":\"https:\\\/\\\/goelden.online\\\/\"},{\"@type\":\"ListItem\",\"position\":2,\"name\":\"Privatsph\u00e4re Einstellungen\"}]},{\"@type\":\"WebSite\",\"@id\":\"https:\\\/\\\/goelden.online\\\/#website\",\"url\":\"https:\\\/\\\/goelden.online\\\/\",\"name\":\"Goelden Online\",\"description\":\"Die andere Seite\",\"publisher\":{\"@id\":\"https:\\\/\\\/goelden.online\\\/#\\\/schema\\\/person\\\/4b71ff8873dfec462356453a22d0855b\"},\"potentialAction\":[{\"@type\":\"SearchAction\",\"target\":{\"@type\":\"EntryPoint\",\"urlTemplate\":\"https:\\\/\\\/goelden.online\\\/?s={search_term_string}\"},\"query-input\":{\"@type\":\"PropertyValueSpecification\",\"valueRequired\":true,\"valueName\":\"search_term_string\"}}],\"inLanguage\":\"de\"},{\"@type\":[\"Person\",\"Organization\"],\"@id\":\"https:\\\/\\\/goelden.online\\\/#\\\/schema\\\/person\\\/4b71ff8873dfec462356453a22d0855b\",\"name\":\"Bernd G\u00f6lden\",\"image\":{\"@type\":\"ImageObject\",\"inLanguage\":\"de\",\"@id\":\"https:\\\/\\\/goelden.online\\\/wp-content\\\/uploads\\\/2024\\\/01\\\/dieandereseite38.png\",\"url\":\"https:\\\/\\\/goelden.online\\\/wp-content\\\/uploads\\\/2024\\\/01\\\/dieandereseite38.png\",\"contentUrl\":\"https:\\\/\\\/goelden.online\\\/wp-content\\\/uploads\\\/2024\\\/01\\\/dieandereseite38.png\",\"width\":646,\"height\":412,\"caption\":\"Bernd G\u00f6lden\"},\"logo\":{\"@id\":\"https:\\\/\\\/goelden.online\\\/wp-content\\\/uploads\\\/2024\\\/01\\\/dieandereseite38.png\"},\"sameAs\":[\"https:\\\/\\\/goelden.online\"]}]}<\/script>\n<!-- \/ Yoast SEO plugin. -->","yoast_head_json":{"title":"Privatsph\u00e4re Einstellungen - Goelden Online","robots":{"index":"index","follow":"follow","max-snippet":"max-snippet:-1","max-image-preview":"max-image-preview:large","max-video-preview":"max-video-preview:-1"},"canonical":"https:\/\/goelden.online\/index.php\/cookie-richtlinie\/","og_locale":"de_DE","og_type":"article","og_title":"Privatsph\u00e4re Einstellungen - Goelden Online","og_url":"https:\/\/goelden.online\/index.php\/cookie-richtlinie\/","og_site_name":"Goelden Online","og_image":[{"url":"https:\/\/static.live.templately.com\/woocommerce\/2022\/02\/Vector-Smart-Object11.png","type":"","width":"","height":""}],"twitter_card":"summary_large_image","twitter_misc":{"Gesch\u00e4tzte Lesezeit":"1\u00a0Minute"},"schema":{"@context":"https:\/\/schema.org","@graph":[{"@type":"WebPage","@id":"https:\/\/goelden.online\/index.php\/cookie-richtlinie\/","url":"https:\/\/goelden.online\/index.php\/cookie-richtlinie\/","name":"Privatsph\u00e4re Einstellungen - Goelden Online","isPartOf":{"@id":"https:\/\/goelden.online\/#website"},"primaryImageOfPage":{"@id":"https:\/\/goelden.online\/index.php\/cookie-richtlinie\/#primaryimage"},"image":{"@id":"https:\/\/goelden.online\/index.php\/cookie-richtlinie\/#primaryimage"},"thumbnailUrl":"https:\/\/static.live.templately.com\/woocommerce\/2022\/02\/Vector-Smart-Object11.png","datePublished":"2022-10-18T21:23:03+00:00","breadcrumb":{"@id":"https:\/\/goelden.online\/index.php\/cookie-richtlinie\/#breadcrumb"},"inLanguage":"de","potentialAction":[{"@type":"ReadAction","target":["https:\/\/goelden.online\/index.php\/cookie-richtlinie\/"]}]},{"@type":"ImageObject","inLanguage":"de","@id":"https:\/\/goelden.online\/index.php\/cookie-richtlinie\/#primaryimage","url":"https:\/\/static.live.templately.com\/woocommerce\/2022\/02\/Vector-Smart-Object11.png","contentUrl":"https:\/\/static.live.templately.com\/woocommerce\/2022\/02\/Vector-Smart-Object11.png"},{"@type":"BreadcrumbList","@id":"https:\/\/goelden.online\/index.php\/cookie-richtlinie\/#breadcrumb","itemListElement":[{"@type":"ListItem","position":1,"name":"Startseite","item":"https:\/\/goelden.online\/"},{"@type":"ListItem","position":2,"name":"Privatsph\u00e4re Einstellungen"}]},{"@type":"WebSite","@id":"https:\/\/goelden.online\/#website","url":"https:\/\/goelden.online\/","name":"Goelden Online","description":"Die andere Seite","publisher":{"@id":"https:\/\/goelden.online\/#\/schema\/person\/4b71ff8873dfec462356453a22d0855b"},"potentialAction":[{"@type":"SearchAction","target":{"@type":"EntryPoint","urlTemplate":"https:\/\/goelden.online\/?s={search_term_string}"},"query-input":{"@type":"PropertyValueSpecification","valueRequired":true,"valueName":"search_term_string"}}],"inLanguage":"de"},{"@type":["Person","Organization"],"@id":"https:\/\/goelden.online\/#\/schema\/person\/4b71ff8873dfec462356453a22d0855b","name":"Bernd G\u00f6lden","image":{"@type":"ImageObject","inLanguage":"de","@id":"https:\/\/goelden.online\/wp-content\/uploads\/2024\/01\/dieandereseite38.png","url":"https:\/\/goelden.online\/wp-content\/uploads\/2024\/01\/dieandereseite38.png","contentUrl":"https:\/\/goelden.online\/wp-content\/uploads\/2024\/01\/dieandereseite38.png","width":646,"height":412,"caption":"Bernd G\u00f6lden"},"logo":{"@id":"https:\/\/goelden.online\/wp-content\/uploads\/2024\/01\/dieandereseite38.png"},"sameAs":["https:\/\/goelden.online"]}]}},"_links":{"self":[{"href":"https:\/\/goelden.online\/index.php\/wp-json\/wp\/v2\/pages\/1627","targetHints":{"allow":["GET"]}}],"collection":[{"href":"https:\/\/goelden.online\/index.php\/wp-json\/wp\/v2\/pages"}],"about":[{"href":"https:\/\/goelden.online\/index.php\/wp-json\/wp\/v2\/types\/page"}],"author":[{"embeddable":true,"href":"https:\/\/goelden.online\/index.php\/wp-json\/wp\/v2\/users\/2"}],"replies":[{"embeddable":true,"href":"https:\/\/goelden.online\/index.php\/wp-json\/wp\/v2\/comments?post=1627"}],"version-history":[{"count":0,"href":"https:\/\/goelden.online\/index.php\/wp-json\/wp\/v2\/pages\/1627\/revisions"}],"wp:attachment":[{"href":"https:\/\/goelden.online\/index.php\/wp-json\/wp\/v2\/media?parent=1627"}],"curies":[{"name":"wp","href":"https:\/\/api.w.org\/{rel}","templated":true}]}}