{"id":4139,"date":"2023-04-02T14:09:20","date_gmt":"2023-04-02T12:09:20","guid":{"rendered":"https:\/\/www.goelden.de\/?page_id=4139"},"modified":"2025-02-13T15:47:54","modified_gmt":"2025-02-13T14:47:54","slug":"impressum","status":"publish","type":"page","link":"https:\/\/goelden.online\/index.php\/impressum\/","title":{"rendered":"Impressum"},"content":{"rendered":"\n<p class=\"wp-block-paragraph\"><strong>Widerspruch gegen Werbe-E-Mails<\/strong><br><br><strong>Der Nutzung von im Rahmen der Impressumspflicht ver\u00f6ffentlichten Kontaktdaten zur \u00dcbersendung von nicht ausdr\u00fccklich angeforderter Werbung und Informationsmaterialien wird hiermit widersprochen. Die Betreiber der Seiten behalten sich ausdr\u00fccklich rechtliche Schritte im Falle der unverlangten Zusendung von Werbeinformationen, etwa durch Spam-E-Mails, vor.<\/strong><\/p>\n\n\n\n<h3 class=\"wp-block-heading\">Alternative Streitbeilegung gem\u00e4\u00df Art. 14 Abs. 1 ODR-VO und \u00a7 36 VSBG:<\/h3>\n\n\n\n<p class=\"wp-block-paragraph\">Die Europ\u00e4ische Kommission stellt eine Plattform zur Online-Streitbeilegung (OS) bereit, die du unter&nbsp;<a href=\"https:\/\/ec.europa.eu\/consumers\/odr\" target=\"_blank\" rel=\"noreferrer noopener\">https:\/\/ec.europa.eu\/consumers\/odr<\/a>&nbsp;findest. Zur Teilnahme an einem Streitbeilegungsverfahren vor einer Verbraucherschlichtungsstelle sind wir nicht verpflichtet und nicht bereit.<\/p>\n\n\n\n<p class=\"wp-block-paragraph\"><strong>Sofern ni\u200bcht anderweitig angegeben, liegt die Verantwortlichkeit nach \u00a76 MDStV, \u00a75 TMG &amp; \u00a755 Abs. 2 RStV beim unten genannten Webseitenbetreiber.<\/strong><\/p>\n\n\n\n<figure class=\"wp-block-table\"><table><tbody><tr><th>Name:<\/th><td>Bernd G\u00f6lden<\/td><\/tr><tr><th>Strasse:<\/th><td>Schenkenb\u00f6hlstr\u00dfe 23e<\/td><\/tr><tr><th>PLZ \/ Ort:<\/th><td>67098 Bad D\u00fcrkheim<\/td><\/tr><\/tbody><\/table><\/figure>\n\n\n\n<figure class=\"wp-block-table\"><table><tbody><tr><th>Email:<\/th><td><a href=\"mailto:mail@goelden.de\" target=\"_blank\" rel=\"noreferrer noopener\">mail@goelden.de<\/a><\/td><\/tr><tr><th>Tel:<\/th><td><\/td><\/tr><\/tbody><\/table><\/figure>\n\n\n\n<p class=\"wp-block-paragraph\">Haftungsausschluss:<\/p>\n\n\n\n<p class=\"wp-block-paragraph\"><strong>Haftung f\u00fcr Inhalte<\/strong><\/p>\n\n\n\n<p class=\"wp-block-paragraph\">Die Inhalte unserer Seiten wurden mit gr\u00f6\u00dfter Sorgfalt erstellt. F\u00fcr die Richtigkeit, Vollst\u00e4ndigkeit und Aktualit\u00e4t der Inhalte k\u00f6nnen wir jedoch keine Gew\u00e4hr \u00fcbernehmen. Als Diensteanbieter sind wir gem\u00e4\u00df \u00a7 7 Abs.1 TMG f\u00fcr eigene Inhalte auf diesen Seiten nach den allgemeinen Gesetzen verantwortlich. Nach \u00a7\u00a7 8 bis 10 TMG sind wir als Diensteanbieter jedoch nicht verpflichtet, \u00fcbermittelte oder gespeicherte fremde Informationen zu \u00fcberwachen oder nach Umst\u00e4nden zu forschen, die auf eine rechtswidrige T\u00e4tigkeit hinweisen. Verpflichtungen zur Entfernung oder Sperrung der Nutzung von Informationen nach den allgemeinen Gesetzen bleiben hiervon unber\u00fchrt. Eine diesbez\u00fcgliche Haftung ist jedoch erst ab dem Zeitpunkt der Kenntnis einer konkreten Rechtsverletzung m\u00f6glich. Bei Bekanntwerden von entsprechenden Rechtsverletzungen werden wir diese Inhalte umgehend entfernen. &nbsp;<\/p>\n\n\n\n<p class=\"wp-block-paragraph\"><strong>Haftung f\u00fcr Links<\/strong><\/p>\n\n\n\n<p class=\"wp-block-paragraph\">Unser Angebot enth\u00e4lt Links zu externen Webseiten Dritter, auf deren Inhalte wir keinen Einfluss haben. Deshalb k\u00f6nnen wir f\u00fcr diese fremden Inhalte auch keine Gew\u00e4hr \u00fcbernehmen. F\u00fcr die Inhalte der verlinkten Seiten ist stets der jeweilige Anbieter oder Betreiber der Seiten verantwortlich. Die verlinkten Seiten wurden zum Zeitpunkt der Verlinkung auf m\u00f6gliche Rechtsverst\u00f6\u00dfe \u00fcberpr\u00fcft. Rechtswidrige Inhalte waren zum Zeitpunkt der Verlinkung nicht erkennbar. Eine permanente inhaltliche Kontrolle der verlinkten Seiten ist jedoch ohne konkrete Anhaltspunkte einer Rechtsverletzung nicht zumutbar. Bei Bekanntwerden von Rechtsverletzungen werden wir derartige Links umgehend entfernen.<\/p>\n\n\n\n<p class=\"wp-block-paragraph\"><strong>Urheberrecht<\/strong><\/p>\n\n\n\n<p class=\"wp-block-paragraph\">Die durch die Seitenbetreiber erstellten Inhalte und Werke auf diesen Seiten unterliegen dem deutschen Urheberrecht. Die Vervielf\u00e4ltigung, Bearbeitung, Verbreitung und jede Art der Verwertung au\u00dferhalb der Grenzen des Urheberrechtes bed\u00fcrfen der schriftlichen Zustimmung des jeweiligen Autors bzw. Erstellers. Downloads und Kopien dieser Seite sind nur f\u00fcr den privaten, nicht kommerziellen Gebrauch gestattet. Soweit die Inhalte auf dieser Seite nicht vom Betreiber erstellt wurden, werden die Urheberrechte Dritter beachtet. Insbesondere werden Inhalte Dritter als solche gekennzeichnet. Sollten Sie trotzdem auf eine Urheberrechtsverletzung aufmerksam werden, bitten wir um einen entsprechenden Hinweis. Bei Bekanntwerden von Rechtsverletzungen werden wir derartige Inhalte umgehend entfernen.<\/p>\n\n\n\n<p class=\"wp-block-paragraph\"><em>Quellverweis:&nbsp;<a href=\"http:\/\/www.e-recht24.de\/muster-disclaimer.htm\" target=\"_blank\" rel=\"noreferrer noopener\">Disclaimer<\/a>&nbsp;von eRecht24, dem Portal zum Internetrecht von Rechtsanwalt S\u00f6ren Siebert<\/em><\/p>\n\n\n\n<p class=\"wp-block-paragraph\"><\/p>\n","protected":false},"excerpt":{"rendered":"<p>Widerspruch gegen Werbe-E-Mails Der Nutzung von im Rahmen der Impressumspflicht ver\u00f6ffentlichten Kontaktdaten zur \u00dcbersendung von nicht ausdr\u00fccklich angeforderter Werbung und Informationsmaterialien wird hiermit widersprochen. Die Betreiber der Seiten behalten sich ausdr\u00fccklich rechtliche Schritte im Falle der unverlangten Zusendung von Werbeinformationen, etwa durch Spam-E-Mails, vor. Alternative Streitbeilegung gem\u00e4\u00df Art. 14 Abs. 1 ODR-VO und \u00a7 36&hellip; <br \/> <a class=\"read-more\" href=\"https:\/\/goelden.online\/index.php\/impressum\/\">Weiterlesen<\/a><\/p>\n","protected":false},"author":2,"featured_media":0,"parent":0,"menu_order":0,"comment_status":"closed","ping_status":"closed","template":"","meta":{"_eb_attr":"","_crdt_document":"","_joinchat":[],"footnotes":""},"class_list":["post-4139","page","type-page","status-publish","hentry"],"featured_image_src":null,"yoast_head":"<!-- This site is optimized with the Yoast SEO plugin v27.4 - https:\/\/yoast.com\/product\/yoast-seo-wordpress\/ -->\n<title>Impressum - Goelden Online<\/title>\n<meta name=\"description\" content=\"Impressum. Sofern ni\u200bcht anderweitig angegeben, liegt die Verantwortlichkeit beim unten genannten Webseitenbetreiber.\" \/>\n<meta name=\"robots\" content=\"index, follow, max-snippet:-1, max-image-preview:large, max-video-preview:-1\" \/>\n<link rel=\"canonical\" href=\"https:\/\/goelden.online\/index.php\/impressum\/\" \/>\n<meta property=\"og:locale\" content=\"de_DE\" \/>\n<meta property=\"og:type\" content=\"article\" \/>\n<meta property=\"og:title\" content=\"Impressum - Goelden Online\" \/>\n<meta property=\"og:description\" content=\"Impressum. Sofern ni\u200bcht anderweitig angegeben, liegt die Verantwortlichkeit beim unten genannten Webseitenbetreiber.\" \/>\n<meta property=\"og:url\" content=\"https:\/\/goelden.online\/index.php\/impressum\/\" \/>\n<meta property=\"og:site_name\" content=\"Goelden Online\" \/>\n<meta property=\"article:modified_time\" content=\"2025-02-13T14:47:54+00:00\" \/>\n<meta name=\"twitter:card\" content=\"summary_large_image\" \/>\n<meta name=\"twitter:label1\" content=\"Gesch\u00e4tzte Lesezeit\" \/>\n\t<meta name=\"twitter:data1\" content=\"3\u00a0Minuten\" \/>\n<script type=\"application\/ld+json\" class=\"yoast-schema-graph\">{\"@context\":\"https:\\\/\\\/schema.org\",\"@graph\":[{\"@type\":\"WebPage\",\"@id\":\"https:\\\/\\\/goelden.online\\\/index.php\\\/impressum\\\/\",\"url\":\"https:\\\/\\\/goelden.online\\\/index.php\\\/impressum\\\/\",\"name\":\"Impressum - Goelden Online\",\"isPartOf\":{\"@id\":\"https:\\\/\\\/goelden.online\\\/#website\"},\"datePublished\":\"2023-04-02T12:09:20+00:00\",\"dateModified\":\"2025-02-13T14:47:54+00:00\",\"description\":\"Impressum. Sofern ni\u200bcht anderweitig angegeben, liegt die Verantwortlichkeit beim unten genannten Webseitenbetreiber.\",\"breadcrumb\":{\"@id\":\"https:\\\/\\\/goelden.online\\\/index.php\\\/impressum\\\/#breadcrumb\"},\"inLanguage\":\"de\",\"potentialAction\":[{\"@type\":\"ReadAction\",\"target\":[\"https:\\\/\\\/goelden.online\\\/index.php\\\/impressum\\\/\"]}]},{\"@type\":\"BreadcrumbList\",\"@id\":\"https:\\\/\\\/goelden.online\\\/index.php\\\/impressum\\\/#breadcrumb\",\"itemListElement\":[{\"@type\":\"ListItem\",\"position\":1,\"name\":\"Startseite\",\"item\":\"https:\\\/\\\/goelden.online\\\/\"},{\"@type\":\"ListItem\",\"position\":2,\"name\":\"Impressum\"}]},{\"@type\":\"WebSite\",\"@id\":\"https:\\\/\\\/goelden.online\\\/#website\",\"url\":\"https:\\\/\\\/goelden.online\\\/\",\"name\":\"Goelden Online\",\"description\":\"Die andere Seite\",\"publisher\":{\"@id\":\"https:\\\/\\\/goelden.online\\\/#\\\/schema\\\/person\\\/4b71ff8873dfec462356453a22d0855b\"},\"potentialAction\":[{\"@type\":\"SearchAction\",\"target\":{\"@type\":\"EntryPoint\",\"urlTemplate\":\"https:\\\/\\\/goelden.online\\\/?s={search_term_string}\"},\"query-input\":{\"@type\":\"PropertyValueSpecification\",\"valueRequired\":true,\"valueName\":\"search_term_string\"}}],\"inLanguage\":\"de\"},{\"@type\":[\"Person\",\"Organization\"],\"@id\":\"https:\\\/\\\/goelden.online\\\/#\\\/schema\\\/person\\\/4b71ff8873dfec462356453a22d0855b\",\"name\":\"Bernd G\u00f6lden\",\"image\":{\"@type\":\"ImageObject\",\"inLanguage\":\"de\",\"@id\":\"https:\\\/\\\/goelden.online\\\/wp-content\\\/uploads\\\/2024\\\/01\\\/dieandereseite38.png\",\"url\":\"https:\\\/\\\/goelden.online\\\/wp-content\\\/uploads\\\/2024\\\/01\\\/dieandereseite38.png\",\"contentUrl\":\"https:\\\/\\\/goelden.online\\\/wp-content\\\/uploads\\\/2024\\\/01\\\/dieandereseite38.png\",\"width\":646,\"height\":412,\"caption\":\"Bernd G\u00f6lden\"},\"logo\":{\"@id\":\"https:\\\/\\\/goelden.online\\\/wp-content\\\/uploads\\\/2024\\\/01\\\/dieandereseite38.png\"},\"sameAs\":[\"https:\\\/\\\/goelden.online\"]}]}<\/script>\n<!-- \/ Yoast SEO plugin. -->","yoast_head_json":{"title":"Impressum - Goelden Online","description":"Impressum. Sofern ni\u200bcht anderweitig angegeben, liegt die Verantwortlichkeit beim unten genannten Webseitenbetreiber.","robots":{"index":"index","follow":"follow","max-snippet":"max-snippet:-1","max-image-preview":"max-image-preview:large","max-video-preview":"max-video-preview:-1"},"canonical":"https:\/\/goelden.online\/index.php\/impressum\/","og_locale":"de_DE","og_type":"article","og_title":"Impressum - Goelden Online","og_description":"Impressum. Sofern ni\u200bcht anderweitig angegeben, liegt die Verantwortlichkeit beim unten genannten Webseitenbetreiber.","og_url":"https:\/\/goelden.online\/index.php\/impressum\/","og_site_name":"Goelden Online","article_modified_time":"2025-02-13T14:47:54+00:00","twitter_card":"summary_large_image","twitter_misc":{"Gesch\u00e4tzte Lesezeit":"3\u00a0Minuten"},"schema":{"@context":"https:\/\/schema.org","@graph":[{"@type":"WebPage","@id":"https:\/\/goelden.online\/index.php\/impressum\/","url":"https:\/\/goelden.online\/index.php\/impressum\/","name":"Impressum - Goelden Online","isPartOf":{"@id":"https:\/\/goelden.online\/#website"},"datePublished":"2023-04-02T12:09:20+00:00","dateModified":"2025-02-13T14:47:54+00:00","description":"Impressum. Sofern ni\u200bcht anderweitig angegeben, liegt die Verantwortlichkeit beim unten genannten Webseitenbetreiber.","breadcrumb":{"@id":"https:\/\/goelden.online\/index.php\/impressum\/#breadcrumb"},"inLanguage":"de","potentialAction":[{"@type":"ReadAction","target":["https:\/\/goelden.online\/index.php\/impressum\/"]}]},{"@type":"BreadcrumbList","@id":"https:\/\/goelden.online\/index.php\/impressum\/#breadcrumb","itemListElement":[{"@type":"ListItem","position":1,"name":"Startseite","item":"https:\/\/goelden.online\/"},{"@type":"ListItem","position":2,"name":"Impressum"}]},{"@type":"WebSite","@id":"https:\/\/goelden.online\/#website","url":"https:\/\/goelden.online\/","name":"Goelden Online","description":"Die andere Seite","publisher":{"@id":"https:\/\/goelden.online\/#\/schema\/person\/4b71ff8873dfec462356453a22d0855b"},"potentialAction":[{"@type":"SearchAction","target":{"@type":"EntryPoint","urlTemplate":"https:\/\/goelden.online\/?s={search_term_string}"},"query-input":{"@type":"PropertyValueSpecification","valueRequired":true,"valueName":"search_term_string"}}],"inLanguage":"de"},{"@type":["Person","Organization"],"@id":"https:\/\/goelden.online\/#\/schema\/person\/4b71ff8873dfec462356453a22d0855b","name":"Bernd G\u00f6lden","image":{"@type":"ImageObject","inLanguage":"de","@id":"https:\/\/goelden.online\/wp-content\/uploads\/2024\/01\/dieandereseite38.png","url":"https:\/\/goelden.online\/wp-content\/uploads\/2024\/01\/dieandereseite38.png","contentUrl":"https:\/\/goelden.online\/wp-content\/uploads\/2024\/01\/dieandereseite38.png","width":646,"height":412,"caption":"Bernd G\u00f6lden"},"logo":{"@id":"https:\/\/goelden.online\/wp-content\/uploads\/2024\/01\/dieandereseite38.png"},"sameAs":["https:\/\/goelden.online"]}]}},"_links":{"self":[{"href":"https:\/\/goelden.online\/index.php\/wp-json\/wp\/v2\/pages\/4139","targetHints":{"allow":["GET"]}}],"collection":[{"href":"https:\/\/goelden.online\/index.php\/wp-json\/wp\/v2\/pages"}],"about":[{"href":"https:\/\/goelden.online\/index.php\/wp-json\/wp\/v2\/types\/page"}],"author":[{"embeddable":true,"href":"https:\/\/goelden.online\/index.php\/wp-json\/wp\/v2\/users\/2"}],"replies":[{"embeddable":true,"href":"https:\/\/goelden.online\/index.php\/wp-json\/wp\/v2\/comments?post=4139"}],"version-history":[{"count":0,"href":"https:\/\/goelden.online\/index.php\/wp-json\/wp\/v2\/pages\/4139\/revisions"}],"wp:attachment":[{"href":"https:\/\/goelden.online\/index.php\/wp-json\/wp\/v2\/media?parent=4139"}],"curies":[{"name":"wp","href":"https:\/\/api.w.org\/{rel}","templated":true}]}}